{"id":3,"date":"2025-06-10T16:15:28","date_gmt":"2025-06-10T14:15:28","guid":{"rendered":"https:\/\/fmoves2.bro.ovh\/?page_id=3"},"modified":"2025-06-10T16:15:28","modified_gmt":"2025-06-10T14:15:28","slug":"%d0%bf%d0%be%d0%bb%d0%b8%d1%82%d1%8b%d0%ba%d0%b0-%d0%bf%d1%80%d0%b8%d0%b2%d0%b0%d1%82%d0%bd%d0%be%d1%81%d1%86%d0%b8","status":"publish","type":"page","link":"https:\/\/friendlymoves.com\/ru\/%d0%bf%d0%be%d0%bb%d0%b8%d1%82%d1%8b%d0%ba%d0%b0-%d0%bf%d1%80%d0%b8%d0%b2%d0%b0%d1%82%d0%bd%d0%be%d1%81%d1%86%d0%b8\/","title":{"rendered":"\u041f\u043e\u043b\u0438\u0442\u0438\u043a\u0430 \u043f\u0440\u0438\u0445\u0432\u0430\u0442\u0438\u0437\u0430\u0446\u0438\u0438"},"content":{"rendered":"<h2 class=\"wp-block-heading\">\u041a\u0438\u043c \u0414\u0436\u0435\u0441\u0442\u0435\u0441\u043c\u0438<\/h2>\n\n\n<p><strong class=\"privacy-policy-tutorial\">\u0421\u0443\u0433\u0435\u0440\u043e\u0432\u0430\u043d\u044b\u0439 \u0442\u0435\u043a\u0441\u0442: <\/strong>\u0410\u0434\u0440\u0435\u0441\u0430 \u043d\u0430\u0448\u0438\u0445 \u0438\u043d\u0442\u0435\u0440\u043d\u0435\u0442-\u0441\u0442\u0440\u0430\u043d\u0438\u0446: https:\/\/friendlymoves.com.<\/p>\n\n\n<h2 class=\"wp-block-heading\">Komentarze<\/h2>\n\n\n<p><strong class=\"privacy-policy-tutorial\">\u0421\u0443\u0433\u0435\u0440\u043e\u0432\u0430\u043d\u044b\u0439 \u0442\u0435\u043a\u0441\u0442: <\/strong>Kiedy odwiedzaj\u0105cy witryn\u0119 zostawia komentarz, zbieramy dane widoczne w formularzu komentowania, jak i adres IP odwiedzaj\u0105cego oraz podpis jego przegl\u0105darki jako pomoc przy wykrywaniu spamu.<\/p>\n\n\n<p>Anonimizowany ci\u0105g znak\u00f3w utworzony z twojego adresu e-mail (zwany te\u017c hashem) mo\u017ce zosta\u0107 przes\u0142any do us\u0142ugi Gravatar w celu sprawdzenia czy jest u\u017cywany. Polityka prywatno\u015bci us\u0142ugi Gravatar jest dost\u0119pna pod adresem: https:\/\/automattic.com\/privacy\/. Po zatwierdzeniu komentarza tw\u00f3j obrazek profilowy jest widoczny publicznie w kontek\u015bcie twojego komentarza.<\/p>\n\n\n<h2 class=\"wp-block-heading\">\u0421\u041c\u0418<\/h2>\n\n\n<p><strong class=\"privacy-policy-tutorial\">\u0421\u0443\u0433\u0435\u0440\u043e\u0432\u0430\u043d\u044b\u0439 \u0442\u0435\u043a\u0441\u0442: <\/strong>Je\u015bli jeste\u015b zarejestrowanym u\u017cytkownikiem i wgrywasz na witryn\u0119 obrazki, powiniene\u015b unika\u0107 przesy\u0142ania obrazk\u00f3w z tagami EXIF lokalizacji. Odwiedzaj\u0105cy stron\u0119 mog\u0105 pobra\u0107 i odczyta\u0107 pe\u0142ne dane lokalizacyjne z obrazk\u00f3w w witrynie.<\/p>\n\n\n<h2 class=\"wp-block-heading\">\u0427\u0430\u0441\u0442\u0435\u0447\u043a\u0430<\/h2>\n\n\n<p><strong class=\"privacy-policy-tutorial\">\u0421\u0443\u0433\u0435\u0440\u043e\u0432\u0430\u043d\u044b\u0439 \u0442\u0435\u043a\u0441\u0442: <\/strong>Je\u015bli skomentujesz co\u015b w witrynie, b\u0119dzie mo\u017cna wybra\u0107 opcj\u0119 zapisu nazwy, adresu e-mail i witryny internetowej w ciasteczkach, dzi\u0119ki kt\u00f3rym podczas pisania kolejnych komentarzy powy\u017csze informacje b\u0119d\u0105 ju\u017c dogodnie uzupe\u0142nione. Ciasteczka wygasaj\u0105 po roku.<\/p>\n\n\n<p>Je\u015bli odwiedzisz stron\u0119 logowania, utworzymy tymczasowe ciasteczko na potrzeby sprawdzenia czy twoja przegl\u0105darka akceptuje ciasteczka. Nie zawiera ono \u017cadnych danych osobistych i zostanie usuni\u0119te, kiedy przegl\u0105darka zostanie zamkni\u0119ta.<\/p>\n\n\n<p>Podczas logowania tworzymy dodatkowo kilka ciasteczek potrzebnych do zapisu twoich informacji logowania oraz wybranych opcji ekranu. Ciasteczka logowania wygasaj\u0105 po dw\u00f3ch dniach, a opcji ekranu po roku. Je\u015bli zaznaczysz opcj\u0119 \"Pami\u0119taj mnie\", logowanie wyga\u015bnie po dw\u00f3ch tygodniach. Je\u015bli wylogujesz si\u0119 ze swojego konta, ciasteczka logowania zostan\u0105 usuni\u0119te.<\/p>\n\n\n<p>Je\u015bli zmodyfikujesz albo opublikujesz artyku\u0142, w twojej przegl\u0105darce zostanie zapisane dodatkowe ciasteczko. To ciasteczko nie zawiera \u017cadnych danych osobistych, wskazuj\u0105c po prostu na identyfikator przed chwil\u0105 edytowanego artyku\u0142u. Wygasa ono po 1 dniu.<\/p>\n\n\n<h2 class=\"wp-block-heading\">Osadzone tre\u015bci z innych witryn<\/h2>\n\n\n<p><strong class=\"privacy-policy-tutorial\">\u0421\u0443\u0433\u0435\u0440\u043e\u0432\u0430\u043d\u044b\u0439 \u0442\u0435\u043a\u0441\u0442: <\/strong>\u0410\u0440\u0442\u044b\u043a\u0443\u043b\u044b \u043d\u0430 \u0442\u0435\u0441\u0442\u0435 \u043c\u043e\u0433\u0443\u0442 \u0431\u044b\u0442\u044c \u0437\u0430\u0432\u044c\u0435\u0440\u0430\u0447 \u043e\u0441\u0430\u0434\u043e\u0447\u043d\u044b\u0435 \u0442\u0440\u0435\u0449\u0438\u043d\u043a\u0438 (\u043d\u043f. \u0444\u0438\u043b\u044c\u043c\u044b, \u043e\u0431\u0440\u0430\u0437\u044b, \u0430\u0440\u0442\u044b\u043a\u0443\u043b\u044b \u0438\u0442\u043f.). Osadzone tre\u015bci z innych witryn zachowuj\u0105 si\u0119 analogicznie do tego, jakby u\u017cytkownik odwiedzi\u0142 bezpo\u015brednio konkretn\u0105 witryn\u0119.<\/p>\n\n\n<p>Witryny mog\u0105 zbiera\u0107 informacje o tobie, u\u017cywa\u0107 ciasteczek, do\u0142\u0105cza\u0107 dodatkowe, zewn\u0119trzne systemy \u015bledzenia i monitorowa\u0107 twoje interakcje z osadzonym materia\u0142em, w\u0142\u0105czaj\u0105c w to \u015bledzenie twoich interakcji z osadzonym materia\u0142em je\u015bli posiadasz konto i jeste\u015b zalogowany w tamtej witrynie.<\/p>\n\n\n<h2 class=\"wp-block-heading\">Z kim dzielimy si\u0119 danymi<\/h2>\n\n\n<p><strong class=\"privacy-policy-tutorial\">\u0421\u0443\u0433\u0435\u0440\u043e\u0432\u0430\u043d\u044b\u0439 \u0442\u0435\u043a\u0441\u0442: <\/strong>Je\u015bli za\u017c\u0105dasz zresetowania has\u0142a, tw\u00f3j adres IP zostanie do\u0142\u0105czony do wysy\u0142anej wiadomo\u015bci.<\/p>\n\n\n<h2 class=\"wp-block-heading\">Jak d\u0142ugo przechowujemy twoje dane<\/h2>\n\n\n<p><strong class=\"privacy-policy-tutorial\">\u0421\u0443\u0433\u0435\u0440\u043e\u0432\u0430\u043d\u044b\u0439 \u0442\u0435\u043a\u0441\u0442: <\/strong>Je\u015bli zostawisz komentarz, jego tre\u015b\u0107 i metadane b\u0119d\u0105 przechowywane przez czas nieokre\u015blony. Dzi\u0119ki temu jeste\u015bmy w stanie rozpoznawa\u0107 i zatwierdza\u0107 kolejne komentarze automatycznie, bez wysy\u0142ania ich do ka\u017cdorazowej moderacji.<\/p>\n\n\n<p>\u0414\u043b\u044f \u043f\u043e\u043b\u044c\u0437\u043e\u0432\u0430\u0442\u0435\u043b\u0435\u0439, \u043a\u043e\u0442\u043e\u0440\u044b\u0435 \u0437\u0430\u0448\u043b\u0438 \u043d\u0430 \u043d\u043e\u0432\u0443\u044e \u0441\u0442\u0440\u043e\u043d\u0443 \u0418\u043d\u0442\u0435\u0440\u043d\u0435\u0442\u0430 (je\u015bli tacy s\u0105), \u043d\u0435\u043e\u0431\u0445\u043e\u0434\u0438\u043c\u043e \u043f\u043e\u043b\u0443\u0447\u0438\u0442\u044c \u0438\u043d\u0444\u043e\u0440\u043c\u0430\u0446\u0438\u044e \u043e \u0441\u043e\u0441\u0442\u043e\u044f\u043d\u0438\u0438 \u043f\u0440\u043e\u0444\u0438\u043b\u044f. \u041a\u0430\u0436\u0434\u044b\u0435 \u043f\u043e\u043b\u044c\u0437\u043e\u0432\u0430\u0442\u0435\u043b\u044c\u0441\u043a\u0438\u0435 \u0434\u0430\u043d\u043d\u044b\u0435 \u0434\u043e\u043b\u0436\u043d\u044b \u0431\u044b\u0442\u044c \u0434\u043e\u043a\u043e\u043d\u0430\u043d\u044b \u0432\u0433\u043b\u043e\u043d\u0434\u0443, \u0432 \u0442\u043e \u0432\u0440\u0435\u043c\u044f \u043a\u0430\u043a \u0430\u043b\u044c\u0431\u043e \u0441\u043a\u0430\u0436\u0435\u0442, \u0447\u0442\u043e \u044d\u0442\u043e \u0438\u043d\u0444\u043e\u0440\u043c\u0430\u0446\u0438\u043e\u043d\u043d\u043e\u0435 \u0441\u043e\u043e\u0431\u0449\u0435\u043d\u0438\u0435 \u043e\u0431 \u043e\u0431\u044a\u0435\u043a\u0442\u0435 \u0432 \u043d\u0438\u0436\u043d\u0435\u0439 \u0447\u0430\u0441\u0442\u0438 \u043f\u0440\u043e\u0444\u0438\u043b\u044f (\u043d\u0438 \u0432 \u043a\u043e\u0435\u043c \u0441\u043b\u0443\u0447\u0430\u0435 \u043d\u0435 \u043b\u0438\u0446\u0435\u043d\u0437\u0438\u0440\u0443\u0439\u0442\u0435 \u043f\u043e\u043b\u044c\u0437\u043e\u0432\u0430\u0442\u0435\u043b\u044c\u0441\u043a\u0438\u0435 \u0434\u0430\u043d\u043d\u044b\u0435, \u043a\u043e\u0442\u043e\u0440\u044b\u0435 \u043d\u0435 \u043c\u043e\u0433\u0443\u0442 \u0431\u044b\u0442\u044c \u0437\u0430\u043c\u0435\u043d\u0435\u043d\u044b). \u0410\u0434\u043c\u0438\u043d\u0438\u0441\u0442\u0440\u0430\u0442\u043e\u0440 \u043c\u043e\u0436\u0435\u0442 \u043f\u0440\u0435\u0441\u043b\u0435\u0434\u043e\u0432\u0430\u0442\u044c \u0438 \u043c\u043e\u0434\u0438\u0444\u0438\u0446\u0438\u0440\u043e\u0432\u0430\u0442\u044c \u0438\u043d\u0444\u043e\u0440\u043c\u0430\u0446\u0438\u044e.<\/p>\n\n\n<h2 class=\"wp-block-heading\">Jakie masz prawa do swoich danych<\/h2>\n\n\n<p><strong class=\"privacy-policy-tutorial\">\u0421\u0443\u0433\u0435\u0440\u043e\u0432\u0430\u043d\u044b\u0439 \u0442\u0435\u043a\u0441\u0442: <\/strong>Je\u015bli masz konto u\u017cytkownika albo doda\u0142e\u015b komentarze w tej witrynie, mo\u017cesz za\u017c\u0105da\u0107 dostarczenia pliku z wyeksportowanym kompletem twoich danych osobistych b\u0119d\u0105cych w naszym posiadaniu, w tym ca\u0142o\u015b\u0107 tych dostarczonych przez ciebie. Mo\u017cesz r\u00f3wnie\u017c za\u017c\u0105da\u0107 usuni\u0119cia przez nas ca\u0142o\u015bci twoich danych osobistych w naszym posiadaniu. Nie dotyczy to \u017cadnych danych kt\u00f3re jeste\u015bmy zobligowani zachowa\u0107 ze wzgl\u0119d\u00f3w administracyjnych, prawnych albo bezpiecze\u0144stwa.<\/p>\n\n\n<h2 class=\"wp-block-heading\">Gdzie wys\u0142amy twoje dane<\/h2>\n\n\n<p><strong class=\"privacy-policy-tutorial\">\u0421\u0443\u0433\u0435\u0440\u043e\u0432\u0430\u043d\u044b\u0439 \u0442\u0435\u043a\u0441\u0442: <\/strong>\u041a\u043e\u043c\u043c\u0435\u043d\u0442\u0430\u0440\u0438\u0438 \u043c\u043e\u0433\u0443\u0442 \u0431\u044b\u0442\u044c \u0438\u0441\u043f\u043e\u043b\u044c\u0437\u043e\u0432\u0430\u043d\u044b \u0434\u043b\u044f \u0430\u0432\u0442\u043e\u043c\u0430\u0442\u0438\u0447\u0435\u0441\u043a\u043e\u0439 \u0440\u0430\u0441\u0441\u044b\u043b\u043a\u0438 \u0441\u043f\u0430\u043c\u0430.<\/p>","protected":false},"excerpt":{"rendered":"<p>Kim jeste\u015bmy Sugerowany tekst: Adres naszej strony internetowej to: https:\/\/friendlymoves.com. Komentarze Sugerowany tekst: Kiedy odwiedzaj\u0105cy witryn\u0119 zostawia komentarz, zbieramy dane widoczne w formularzu komentowania, jak i adres IP odwiedzaj\u0105cego oraz podpis jego przegl\u0105darki jako pomoc przy wykrywaniu spamu. Anonimizowany ci\u0105g znak\u00f3w utworzony z twojego adresu e-mail (zwany te\u017c hashem) mo\u017ce zosta\u0107 przes\u0142any do us\u0142ugi Gravatar [&hellip;]<\/p>","protected":false},"author":1,"featured_media":0,"parent":0,"menu_order":0,"comment_status":"closed","ping_status":"open","template":"","meta":{"inline_featured_image":false,"footnotes":""},"class_list":["post-3","page","type-page","status-publish","hentry"],"_links":{"self":[{"href":"https:\/\/friendlymoves.com\/ru\/wp-json\/wp\/v2\/pages\/3","targetHints":{"allow":["GET"]}}],"collection":[{"href":"https:\/\/friendlymoves.com\/ru\/wp-json\/wp\/v2\/pages"}],"about":[{"href":"https:\/\/friendlymoves.com\/ru\/wp-json\/wp\/v2\/types\/page"}],"author":[{"embeddable":true,"href":"https:\/\/friendlymoves.com\/ru\/wp-json\/wp\/v2\/users\/1"}],"replies":[{"embeddable":true,"href":"https:\/\/friendlymoves.com\/ru\/wp-json\/wp\/v2\/comments?post=3"}],"version-history":[{"count":0,"href":"https:\/\/friendlymoves.com\/ru\/wp-json\/wp\/v2\/pages\/3\/revisions"}],"wp:attachment":[{"href":"https:\/\/friendlymoves.com\/ru\/wp-json\/wp\/v2\/media?parent=3"}],"curies":[{"name":"wp","href":"https:\/\/api.w.org\/{rel}","templated":true}]}}